{"id":3,"date":"2022-02-03T10:33:06","date_gmt":"2022-02-03T10:33:06","guid":{"rendered":"https:\/\/ofyr.ch\/?page_id=3"},"modified":"2023-02-27T10:47:15","modified_gmt":"2023-02-27T10:47:15","slug":"privacy-policy","status":"publish","type":"page","link":"https:\/\/ofyr.ch\/de\/privacy-policy\/","title":{"rendered":"Datenschutz und Cookie-Richtlinie"},"content":{"rendered":"<div data-elementor-type=\"wp-page\" data-elementor-id=\"3\" class=\"elementor elementor-3\" data-elementor-post-type=\"page\">\n\t\t\t\t\t\t<section class=\"elementor-section elementor-top-section elementor-element elementor-element-fd14aee elementor-section-full_width elementor-section-height-min-height elementor-section-height-default elementor-section-items-middle\" data-id=\"fd14aee\" data-element_type=\"section\" data-e-type=\"section\" data-settings=\"{&quot;background_background&quot;:&quot;classic&quot;}\">\n\t\t\t\t\t\t<div class=\"elementor-container elementor-column-gap-no\">\n\t\t\t\t\t<div class=\"elementor-column elementor-col-100 elementor-top-column elementor-element elementor-element-fe5d63e\" data-id=\"fe5d63e\" data-element_type=\"column\" data-e-type=\"column\">\n\t\t\t<div class=\"elementor-widget-wrap elementor-element-populated\">\n\t\t\t\t\t\t<div class=\"elementor-element elementor-element-b832ad7 elementor-widget elementor-widget-heading\" data-id=\"b832ad7\" data-element_type=\"widget\" data-e-type=\"widget\" data-widget_type=\"heading.default\">\n\t\t\t\t<div class=\"elementor-widget-container\">\n\t\t\t\t\t<h2 class=\"elementor-heading-title elementor-size-default\">Datenschutz und Cookie-Richtlinie<\/h2>\t\t\t\t<\/div>\n\t\t\t\t<\/div>\n\t\t\t\t\t<\/div>\n\t\t<\/div>\n\t\t\t\t\t<\/div>\n\t\t<\/section>\n\t\t\t\t<section class=\"elementor-section elementor-top-section elementor-element elementor-element-473bc14 elementor-section-boxed elementor-section-height-default elementor-section-height-default\" data-id=\"473bc14\" data-element_type=\"section\" data-e-type=\"section\">\n\t\t\t\t\t\t<div class=\"elementor-container elementor-column-gap-no\">\n\t\t\t\t\t<div class=\"elementor-column elementor-col-100 elementor-top-column elementor-element elementor-element-9394ca8\" data-id=\"9394ca8\" data-element_type=\"column\" data-e-type=\"column\">\n\t\t\t<div class=\"elementor-widget-wrap elementor-element-populated\">\n\t\t\t\t\t\t<div class=\"elementor-element elementor-element-12ba0ba elementor-widget elementor-widget-html\" data-id=\"12ba0ba\" data-element_type=\"widget\" data-e-type=\"widget\" data-widget_type=\"html.default\">\n\t\t\t\t<div class=\"elementor-widget-container\">\n\t\t\t\t\t<h2>Einwilligung in die Verwendung von Cookies.<\/h2>\r\n<p>Damit unsere Website ordnungsgem\u00e4\u00df funktioniert, verwenden wir Cookies. Um Ihre g\u00fcltige Zustimmung zur Verwendung und Speicherung von Cookies in dem von Ihnen f\u00fcr den Zugriff auf unsere Website verwendeten Browser einzuholen und dies ordnungsgem\u00e4\u00df zu dokumentieren, verwenden wir eine Plattform f\u00fcr das Zustimmungsmanagement: CookieFirst. Diese Technologie wird von Digital Data Solutions BV, Plantage Middenlaan 42a, 1018 DH, Amsterdam, Niederlande, bereitgestellt. Website: <a href='https:\/\/cookiefirst.com' title='Cookiefirst-Seite'>https:\/\/cookiefirst.com<\/a> als CookieFirst bezeichnet.<\/p>\r\n<p>Wenn Sie auf unsere Website zugreifen, wird eine Verbindung mit dem Server von CookieFirst hergestellt, um uns die M\u00f6glichkeit zu geben, von Ihnen eine g\u00fcltige Zustimmung zur Verwendung bestimmter Cookies zu erhalten. CookieFirst speichert dann ein Cookie in Ihrem Browser, um nur die Cookies aktivieren zu k\u00f6nnen, in die Sie eingewilligt haben, und um dies ordnungsgem\u00e4\u00df zu dokumentieren. Die verarbeiteten Daten werden so lange gespeichert, bis die vorgegebene Speicherfrist abl\u00e4uft oder Sie die L\u00f6schung der Daten verlangen. Abweichend hiervon k\u00f6nnen bestimmte gesetzliche Aufbewahrungsfristen gelten.<\/p>\r\n<p>CookieFirst wird verwendet, um die gesetzlich vorgeschriebene Zustimmung f\u00fcr die Verwendung von Cookies zu erhalten. Die Rechtsgrundlage hierf\u00fcr ist Artikel 6 Absatz 1 Buchstabe c der Allgemeinen Datenschutzverordnung (DSGVO).<\/p>\r\n<h2>Vereinbarung zur Datenverarbeitung<\/h2>\r\n<p>Wir haben mit CookieFirst einen Datenverarbeitungsvertrag abgeschlossen. Dabei handelt es sich um einen datenschutzrechtlich erforderlichen Vertrag, der sicherstellt, dass die Daten unserer Website-Besucher nur nach unseren Anweisungen und in \u00dcbereinstimmung mit der DSGVO verarbeitet werden.<\/p>\r\n<h2>Server-Protokolldateien<\/h2>\r\n<p>Unsere Website und CookieFirst erheben und speichern automatisch Informationen in so genannten Server Log Files, die Ihr Browser automatisch an uns \u00fcbermittelt. Die folgenden Daten werden erhoben:<\/p>\r\n<ul>\r\n<li>Status Ihrer Zustimmung oder Widerruf der Zustimmung<\/li>\r\n<li>Ihre anonymisierte IP-Adresse<\/li>\r\n<li>Informationen \u00fcber Ihren Browser<\/li>\r\n<li>Informationen \u00fcber Ihr Ger\u00e4t<\/li>\r\n<li>Das Datum und die Uhrzeit Ihres Besuchs auf unserer Website<\/li>\r\n<li>Die URL der Webseite, auf der Sie Ihre Einwilligungseinstellungen gespeichert oder aktualisiert haben<\/li>\r\n<li>Der ungef\u00e4hre Standort des Nutzers, der seine Einwilligungspr\u00e4ferenz gespeichert hat<\/li>\r\n<li>Ein universell eindeutiger Bezeichner (UUID) des Website-Besuchers, der das Cookie-Banner angeklickt hat<\/li>\r\n<\/ul>\t\t\t\t<\/div>\n\t\t\t\t<\/div>\n\t\t\t\t\t<\/div>\n\t\t<\/div>\n\t\t\t\t\t<\/div>\n\t\t<\/section>\n\t\t\t\t<\/div>","protected":false},"excerpt":{"rendered":"<p>Zustimmung zur Verwendung von Cookies. F\u00fcr das reibungslose Funktionieren unserer Website verwenden wir Cookies. Um Ihre g\u00fcltige Zustimmung zur Verwendung und Speicherung von Cookies in dem von Ihnen f\u00fcr den Zugriff auf unsere Website verwendeten Browser einzuholen und dies ordnungsgem\u00e4\u00df zu dokumentieren, verwenden wir eine Plattform f\u00fcr das Zustimmungsmanagement: CookieFirst. Diese Technologie wird von Digital Data bereitgestellt [...]<\/p>","protected":false},"author":1,"featured_media":3172,"parent":0,"menu_order":0,"comment_status":"closed","ping_status":"closed","template":"","meta":{"footnotes":""},"class_list":["post-3","page","type-page","status-publish","has-post-thumbnail","hentry"],"_links":{"self":[{"href":"https:\/\/ofyr.ch\/de\/wp-json\/wp\/v2\/pages\/3","targetHints":{"allow":["GET"]}}],"collection":[{"href":"https:\/\/ofyr.ch\/de\/wp-json\/wp\/v2\/pages"}],"about":[{"href":"https:\/\/ofyr.ch\/de\/wp-json\/wp\/v2\/types\/page"}],"author":[{"embeddable":true,"href":"https:\/\/ofyr.ch\/de\/wp-json\/wp\/v2\/users\/1"}],"replies":[{"embeddable":true,"href":"https:\/\/ofyr.ch\/de\/wp-json\/wp\/v2\/comments?post=3"}],"version-history":[{"count":5,"href":"https:\/\/ofyr.ch\/de\/wp-json\/wp\/v2\/pages\/3\/revisions"}],"predecessor-version":[{"id":5591,"href":"https:\/\/ofyr.ch\/de\/wp-json\/wp\/v2\/pages\/3\/revisions\/5591"}],"wp:featuredmedia":[{"embeddable":true,"href":"https:\/\/ofyr.ch\/de\/wp-json\/wp\/v2\/media\/3172"}],"wp:attachment":[{"href":"https:\/\/ofyr.ch\/de\/wp-json\/wp\/v2\/media?parent=3"}],"curies":[{"name":"wp","href":"https:\/\/api.w.org\/{rel}","templated":true}]}}