{"id":542,"date":"2022-05-17T09:45:28","date_gmt":"2022-05-17T09:45:28","guid":{"rendered":"https:\/\/ofyr.ch\/?page_id=542"},"modified":"2023-03-01T09:00:23","modified_gmt":"2023-03-01T09:00:23","slug":"professionals","status":"publish","type":"page","link":"https:\/\/ofyr.ch\/de\/professionals\/","title":{"rendered":"Profis"},"content":{"rendered":"<div data-elementor-type=\"wp-page\" data-elementor-id=\"542\" class=\"elementor elementor-542\" data-elementor-post-type=\"page\">\n\t\t\t\t\t\t<section class=\"elementor-section elementor-top-section elementor-element elementor-element-9055eca elementor-section-full_width elementor-section-height-min-height elementor-section-height-default elementor-section-items-middle\" data-id=\"9055eca\" data-element_type=\"section\" data-e-type=\"section\" data-settings=\"{&quot;background_background&quot;:&quot;classic&quot;}\">\n\t\t\t\t\t\t<div class=\"elementor-container elementor-column-gap-no\">\n\t\t\t\t\t<div class=\"elementor-column elementor-col-100 elementor-top-column elementor-element elementor-element-bde546f\" data-id=\"bde546f\" data-element_type=\"column\" data-e-type=\"column\">\n\t\t\t<div class=\"elementor-widget-wrap elementor-element-populated\">\n\t\t\t\t\t\t<div class=\"elementor-element elementor-element-8dac574 elementor-widget elementor-widget-heading\" data-id=\"8dac574\" data-element_type=\"widget\" data-e-type=\"widget\" data-widget_type=\"heading.default\">\n\t\t\t\t<div class=\"elementor-widget-container\">\n\t\t\t\t\t<h2 class=\"elementor-heading-title elementor-size-default\">Profis<\/h2>\t\t\t\t<\/div>\n\t\t\t\t<\/div>\n\t\t\t\t\t<\/div>\n\t\t<\/div>\n\t\t\t\t\t<\/div>\n\t\t<\/section>\n\t\t\t\t<section class=\"elementor-section elementor-top-section elementor-element elementor-element-669d41b elementor-reverse-mobile elementor-section-boxed elementor-section-height-default elementor-section-height-default\" data-id=\"669d41b\" data-element_type=\"section\" data-e-type=\"section\" data-settings=\"{&quot;background_background&quot;:&quot;classic&quot;}\">\n\t\t\t\t\t\t<div class=\"elementor-container elementor-column-gap-default\">\n\t\t\t\t\t<div class=\"elementor-column elementor-col-50 elementor-top-column elementor-element elementor-element-2633ffa\" data-id=\"2633ffa\" data-element_type=\"column\" data-e-type=\"column\" data-settings=\"{&quot;background_background&quot;:&quot;classic&quot;}\">\n\t\t\t<div class=\"elementor-widget-wrap elementor-element-populated\">\n\t\t\t\t\t\t<div class=\"elementor-element elementor-element-9a23d84 elementor-widget elementor-widget-video\" data-id=\"9a23d84\" data-element_type=\"widget\" data-e-type=\"widget\" data-settings=\"{&quot;youtube_url&quot;:&quot;https:\\\/\\\/www.youtube.com\\\/watch?v=ErJ1kBaQkvg&quot;,&quot;video_type&quot;:&quot;youtube&quot;,&quot;controls&quot;:&quot;yes&quot;}\" data-widget_type=\"video.default\">\n\t\t\t\t<div class=\"elementor-widget-container\">\n\t\t\t\t\t\t\t<div class=\"elementor-wrapper elementor-open-inline\">\n\t\t\t<div class=\"elementor-video\"><\/div>\t\t<\/div>\n\t\t\t\t\t\t<\/div>\n\t\t\t\t<\/div>\n\t\t\t\t\t<\/div>\n\t\t<\/div>\n\t\t\t\t<div class=\"elementor-column elementor-col-50 elementor-top-column elementor-element elementor-element-4445dfb\" data-id=\"4445dfb\" data-element_type=\"column\" data-e-type=\"column\" data-settings=\"{&quot;background_background&quot;:&quot;classic&quot;}\">\n\t\t\t<div class=\"elementor-widget-wrap elementor-element-populated\">\n\t\t\t\t\t\t<div class=\"elementor-element elementor-element-9ef21e2 elementor-widget elementor-widget-heading\" data-id=\"9ef21e2\" data-element_type=\"widget\" data-e-type=\"widget\" data-widget_type=\"heading.default\">\n\t\t\t\t<div class=\"elementor-widget-container\">\n\t\t\t\t\t<h2 class=\"elementor-heading-title elementor-size-default\">OFYR HOSPITALITY MAGAZIN<\/h2>\t\t\t\t<\/div>\n\t\t\t\t<\/div>\n\t\t\t\t<div class=\"elementor-element elementor-element-04eec02 elementor-widget elementor-widget-heading\" data-id=\"04eec02\" data-element_type=\"widget\" data-e-type=\"widget\" data-widget_type=\"heading.default\">\n\t\t\t\t<div class=\"elementor-widget-container\">\n\t\t\t\t\t<h2 class=\"elementor-heading-title elementor-size-default\">Dieses Magazin wurde speziell f\u00fcr professionelle K\u00f6che entwickelt. Lasse dich von den einzigartigen Outdoor-Kochkonzepten inspirieren und erfahre, wie du OFYR in deinem eigenen Restaurant einsetzen kannst.<\/h2>\t\t\t\t<\/div>\n\t\t\t\t<\/div>\n\t\t\t\t\t<\/div>\n\t\t<\/div>\n\t\t\t\t\t<\/div>\n\t\t<\/section>\n\t\t\t\t<section class=\"elementor-section elementor-top-section elementor-element elementor-element-6869853 elementor-section-boxed elementor-section-height-default elementor-section-height-default\" data-id=\"6869853\" data-element_type=\"section\" data-e-type=\"section\" data-settings=\"{&quot;background_background&quot;:&quot;classic&quot;}\">\n\t\t\t\t\t\t<div class=\"elementor-container elementor-column-gap-default\">\n\t\t\t\t\t<div class=\"elementor-column elementor-col-50 elementor-top-column elementor-element elementor-element-218454d\" data-id=\"218454d\" data-element_type=\"column\" data-e-type=\"column\" data-settings=\"{&quot;background_background&quot;:&quot;classic&quot;}\">\n\t\t\t<div class=\"elementor-widget-wrap elementor-element-populated\">\n\t\t\t\t\t\t<div class=\"elementor-element elementor-element-e96e177 elementor-widget elementor-widget-heading\" data-id=\"e96e177\" data-element_type=\"widget\" data-e-type=\"widget\" data-widget_type=\"heading.default\">\n\t\t\t\t<div class=\"elementor-widget-container\">\n\t\t\t\t\t<h2 class=\"elementor-heading-title elementor-size-default\">Hast DU EIN Betrieb, IN DEM DU MIT OFYR KOCHST? HIER ANMELDEN!<\/h2>\t\t\t\t<\/div>\n\t\t\t\t<\/div>\n\t\t\t\t<div class=\"elementor-element elementor-element-4a15af0 elementor-widget elementor-widget-heading\" data-id=\"4a15af0\" data-element_type=\"widget\" data-e-type=\"widget\" data-widget_type=\"heading.default\">\n\t\t\t\t<div class=\"elementor-widget-container\">\n\t\t\t\t\t<h2 class=\"elementor-heading-title elementor-size-default\">Mit dieser neuen Funktion im OFYR-Club werden wir Restaurants und andere Gastgewerbebetriebe f\u00f6rdern, die mit OFYR kochen. Dadurch wird es f\u00fcr unsere Clubmitglieder einfacher, OFYR \u00fcberall auf der Welt zu erleben. Von Restaurants und Cateringservices bis hin zu Hotels und Weing\u00fctern - melde deinen Betrieb jetzt f\u00fcr OFYR on the Menu an!<\/h2>\t\t\t\t<\/div>\n\t\t\t\t<\/div>\n\t\t\t\t<div class=\"elementor-element elementor-element-efd0edf elementor-align-left elementor-widget elementor-widget-button\" data-id=\"efd0edf\" data-element_type=\"widget\" data-e-type=\"widget\" data-widget_type=\"button.default\">\n\t\t\t\t<div class=\"elementor-widget-container\">\n\t\t\t\t\t\t\t\t\t<div class=\"elementor-button-wrapper\">\n\t\t\t\t\t<a class=\"elementor-button elementor-button-link elementor-size-xs\" href=\"https:\/\/ofyr.club\/club\/register-company\">\n\t\t\t\t\t\t<span class=\"elementor-button-content-wrapper\">\n\t\t\t\t\t\t\t\t\t<span class=\"elementor-button-text\">Betrieb eintragen<\/span>\n\t\t\t\t\t<\/span>\n\t\t\t\t\t<\/a>\n\t\t\t\t<\/div>\n\t\t\t\t\t\t\t\t<\/div>\n\t\t\t\t<\/div>\n\t\t\t\t\t<\/div>\n\t\t<\/div>\n\t\t\t\t<div class=\"elementor-column elementor-col-50 elementor-top-column elementor-element elementor-element-3c226ac\" data-id=\"3c226ac\" data-element_type=\"column\" data-e-type=\"column\">\n\t\t\t<div class=\"elementor-widget-wrap elementor-element-populated\">\n\t\t\t\t\t\t<div class=\"elementor-element elementor-element-836fa38 elementor-widget elementor-widget-image\" data-id=\"836fa38\" data-element_type=\"widget\" data-e-type=\"widget\" data-widget_type=\"image.default\">\n\t\t\t\t<div class=\"elementor-widget-container\">\n\t\t\t\t\t\t\t\t\t\t\t\t\t\t\t<img fetchpriority=\"high\" decoding=\"async\" width=\"300\" height=\"300\" src=\"https:\/\/ofyr.ch\/wp-content\/uploads\/2022\/05\/OFYR_Club-300x300.png\" class=\"attachment-medium size-medium wp-image-551\" alt=\"\" srcset=\"https:\/\/b2882741.smushcdn.com\/2882741\/wp-content\/uploads\/2022\/05\/OFYR_Club-150x150.png?lossy=1&amp;strip=1&amp;webp=1 150w, https:\/\/b2882741.smushcdn.com\/2882741\/wp-content\/uploads\/2022\/05\/OFYR_Club-300x300.png?lossy=1&amp;strip=1&amp;webp=1 300w, https:\/\/b2882741.smushcdn.com\/2882741\/wp-content\/uploads\/2022\/05\/OFYR_Club.png?lossy=1&amp;strip=1&amp;webp=1 500w\" sizes=\"(max-width: 300px) 100vw, 300px\" \/>\t\t\t\t\t\t\t\t\t\t\t\t\t\t\t<\/div>\n\t\t\t\t<\/div>\n\t\t\t\t\t<\/div>\n\t\t<\/div>\n\t\t\t\t\t<\/div>\n\t\t<\/section>\n\t\t\t\t<section class=\"elementor-section elementor-top-section elementor-element elementor-element-0f2a9a9 elementor-reverse-mobile elementor-section-boxed elementor-section-height-default elementor-section-height-default\" data-id=\"0f2a9a9\" data-element_type=\"section\" data-e-type=\"section\" data-settings=\"{&quot;background_background&quot;:&quot;classic&quot;}\">\n\t\t\t\t\t\t<div class=\"elementor-container elementor-column-gap-default\">\n\t\t\t\t\t<div class=\"elementor-column elementor-col-50 elementor-top-column elementor-element elementor-element-6d7ab43\" data-id=\"6d7ab43\" data-element_type=\"column\" data-e-type=\"column\" data-settings=\"{&quot;background_background&quot;:&quot;classic&quot;}\">\n\t\t\t<div class=\"elementor-widget-wrap elementor-element-populated\">\n\t\t\t\t\t\t<div class=\"elementor-element elementor-element-de7b297 elementor-widget elementor-widget-video\" data-id=\"de7b297\" data-element_type=\"widget\" data-e-type=\"widget\" data-settings=\"{&quot;youtube_url&quot;:&quot;https:\\\/\\\/www.youtube.com\\\/watch?v=M35cgXDFRCg&quot;,&quot;video_type&quot;:&quot;youtube&quot;,&quot;controls&quot;:&quot;yes&quot;}\" data-widget_type=\"video.default\">\n\t\t\t\t<div class=\"elementor-widget-container\">\n\t\t\t\t\t\t\t<div class=\"elementor-wrapper elementor-open-inline\">\n\t\t\t<div class=\"elementor-video\"><\/div>\t\t<\/div>\n\t\t\t\t\t\t<\/div>\n\t\t\t\t<\/div>\n\t\t\t\t\t<\/div>\n\t\t<\/div>\n\t\t\t\t<div class=\"elementor-column elementor-col-50 elementor-top-column elementor-element elementor-element-101d374\" data-id=\"101d374\" data-element_type=\"column\" data-e-type=\"column\" data-settings=\"{&quot;background_background&quot;:&quot;classic&quot;}\">\n\t\t\t<div class=\"elementor-widget-wrap elementor-element-populated\">\n\t\t\t\t\t\t<div class=\"elementor-element elementor-element-bf15d8e elementor-widget elementor-widget-heading\" data-id=\"bf15d8e\" data-element_type=\"widget\" data-e-type=\"widget\" data-widget_type=\"heading.default\">\n\t\t\t\t<div class=\"elementor-widget-container\">\n\t\t\t\t\t<h2 class=\"elementor-heading-title elementor-size-default\">A CHEF\u2019S TESTIMONIAL<\/h2>\t\t\t\t<\/div>\n\t\t\t\t<\/div>\n\t\t\t\t<div class=\"elementor-element elementor-element-e56a529 elementor-widget elementor-widget-heading\" data-id=\"e56a529\" data-element_type=\"widget\" data-e-type=\"widget\" data-widget_type=\"heading.default\">\n\t\t\t\t<div class=\"elementor-widget-container\">\n\t\t\t\t\t<h2 class=\"elementor-heading-title elementor-size-default\">Entdecke, wie OFYR in das Restaurantkonzept von Chef Sang Hoon Degeimbre passt.<\/h2>\t\t\t\t<\/div>\n\t\t\t\t<\/div>\n\t\t\t\t\t<\/div>\n\t\t<\/div>\n\t\t\t\t\t<\/div>\n\t\t<\/section>\n\t\t\t\t<section class=\"elementor-section elementor-top-section elementor-element elementor-element-e90eb3e elementor-section-boxed elementor-section-height-default elementor-section-height-default\" data-id=\"e90eb3e\" data-element_type=\"section\" data-e-type=\"section\" data-settings=\"{&quot;background_background&quot;:&quot;classic&quot;}\">\n\t\t\t\t\t\t<div class=\"elementor-container elementor-column-gap-default\">\n\t\t\t\t\t<div class=\"elementor-column elementor-col-50 elementor-top-column elementor-element elementor-element-32929af\" data-id=\"32929af\" data-element_type=\"column\" data-e-type=\"column\" data-settings=\"{&quot;background_background&quot;:&quot;classic&quot;}\">\n\t\t\t<div class=\"elementor-widget-wrap elementor-element-populated\">\n\t\t\t\t\t\t<div class=\"elementor-element elementor-element-59e08e0 elementor-widget elementor-widget-heading\" data-id=\"59e08e0\" data-element_type=\"widget\" data-e-type=\"widget\" data-widget_type=\"heading.default\">\n\t\t\t\t<div class=\"elementor-widget-container\">\n\t\t\t\t\t<h2 class=\"elementor-heading-title elementor-size-default\">ERLEBNISFAKTOR IM GASTGEWERBE<\/h2>\t\t\t\t<\/div>\n\t\t\t\t<\/div>\n\t\t\t\t<div class=\"elementor-element elementor-element-b3c13ac elementor-widget elementor-widget-heading\" data-id=\"b3c13ac\" data-element_type=\"widget\" data-e-type=\"widget\" data-widget_type=\"heading.default\">\n\t\t\t\t<div class=\"elementor-widget-container\">\n\t\t\t\t\t<h2 class=\"elementor-heading-title elementor-size-default\">Die Erwartungen an einen Besuch in einem Hotel oder Restaurant haben sich dramatisch ver\u00e4ndert. Exzellenter Service und hervorragendes Essen sind zum Standard geworden. Heutzutage ist es der Erlebnisfaktor, der z\u00e4hlt. Der OFYR ist der neue beste Freund der K\u00f6che, denn er bietet Showcooking in optima forma, um seinen G\u00e4sten ein gro\u00dfartiges Outdoor-Erlebnis zu bieten.<\/h2>\t\t\t\t<\/div>\n\t\t\t\t<\/div>\n\t\t\t\t\t<\/div>\n\t\t<\/div>\n\t\t\t\t<div class=\"elementor-column elementor-col-50 elementor-top-column elementor-element elementor-element-2439e59\" data-id=\"2439e59\" data-element_type=\"column\" data-e-type=\"column\">\n\t\t\t<div class=\"elementor-widget-wrap elementor-element-populated\">\n\t\t\t\t\t\t<div class=\"elementor-element elementor-element-400ed1a elementor-widget elementor-widget-image\" data-id=\"400ed1a\" data-element_type=\"widget\" data-e-type=\"widget\" data-widget_type=\"image.default\">\n\t\t\t\t<div class=\"elementor-widget-container\">\n\t\t\t\t\t\t\t\t\t\t\t\t\t\t\t<img decoding=\"async\" width=\"300\" height=\"300\" src=\"https:\/\/ofyr.ch\/wp-content\/uploads\/2022\/05\/pro-hospitality-ofyr-300x300.jpg\" class=\"attachment-medium size-medium wp-image-555\" alt=\"\" srcset=\"https:\/\/b2882741.smushcdn.com\/2882741\/wp-content\/uploads\/2022\/05\/pro-hospitality-ofyr-150x150.jpg?lossy=1&amp;strip=1&amp;webp=1 150w, https:\/\/b2882741.smushcdn.com\/2882741\/wp-content\/uploads\/2022\/05\/pro-hospitality-ofyr-300x300.jpg?lossy=1&amp;strip=1&amp;webp=1 300w, https:\/\/b2882741.smushcdn.com\/2882741\/wp-content\/uploads\/2022\/05\/pro-hospitality-ofyr.jpg?lossy=1&amp;strip=1&amp;webp=1 475w\" sizes=\"(max-width: 300px) 100vw, 300px\" \/>\t\t\t\t\t\t\t\t\t\t\t\t\t\t\t<\/div>\n\t\t\t\t<\/div>\n\t\t\t\t\t<\/div>\n\t\t<\/div>\n\t\t\t\t\t<\/div>\n\t\t<\/section>\n\t\t\t\t<section class=\"elementor-section elementor-top-section elementor-element elementor-element-28d5471 elementor-reverse-mobile elementor-section-boxed elementor-section-height-default elementor-section-height-default\" data-id=\"28d5471\" data-element_type=\"section\" data-e-type=\"section\" data-settings=\"{&quot;background_background&quot;:&quot;classic&quot;}\">\n\t\t\t\t\t\t<div class=\"elementor-container elementor-column-gap-default\">\n\t\t\t\t\t<div class=\"elementor-column elementor-col-50 elementor-top-column elementor-element elementor-element-d925e61\" data-id=\"d925e61\" data-element_type=\"column\" data-e-type=\"column\" data-settings=\"{&quot;background_background&quot;:&quot;classic&quot;}\">\n\t\t\t<div class=\"elementor-widget-wrap elementor-element-populated\">\n\t\t\t\t\t\t<div class=\"elementor-element elementor-element-37ca1d4 elementor-widget elementor-widget-image\" data-id=\"37ca1d4\" data-element_type=\"widget\" data-e-type=\"widget\" data-widget_type=\"image.default\">\n\t\t\t\t<div class=\"elementor-widget-container\">\n\t\t\t\t\t\t\t\t\t\t\t\t\t\t\t<img decoding=\"async\" width=\"300\" height=\"300\" src=\"https:\/\/ofyr.ch\/wp-content\/uploads\/2022\/05\/Fotos-Professionals-03-300x300.jpg\" class=\"attachment-medium size-medium wp-image-560\" alt=\"\" srcset=\"https:\/\/b2882741.smushcdn.com\/2882741\/wp-content\/uploads\/2022\/05\/Fotos-Professionals-03-150x150.jpg?lossy=1&amp;strip=1&amp;webp=1 150w, https:\/\/b2882741.smushcdn.com\/2882741\/wp-content\/uploads\/2022\/05\/Fotos-Professionals-03-300x300.jpg?lossy=1&amp;strip=1&amp;webp=1 300w, https:\/\/b2882741.smushcdn.com\/2882741\/wp-content\/uploads\/2022\/05\/Fotos-Professionals-03.jpg?lossy=1&amp;strip=1&amp;webp=1 350w\" sizes=\"(max-width: 300px) 100vw, 300px\" \/>\t\t\t\t\t\t\t\t\t\t\t\t\t\t\t<\/div>\n\t\t\t\t<\/div>\n\t\t\t\t\t<\/div>\n\t\t<\/div>\n\t\t\t\t<div class=\"elementor-column elementor-col-50 elementor-top-column elementor-element elementor-element-a0fe658\" data-id=\"a0fe658\" data-element_type=\"column\" data-e-type=\"column\" data-settings=\"{&quot;background_background&quot;:&quot;classic&quot;}\">\n\t\t\t<div class=\"elementor-widget-wrap elementor-element-populated\">\n\t\t\t\t\t\t<div class=\"elementor-element elementor-element-9904102 elementor-widget elementor-widget-heading\" data-id=\"9904102\" data-element_type=\"widget\" data-e-type=\"widget\" data-widget_type=\"heading.default\">\n\t\t\t\t<div class=\"elementor-widget-container\">\n\t\t\t\t\t<h2 class=\"elementor-heading-title elementor-size-default\">\nENORME VIELSEITIGKEIT UND GROSSE KAPAZIT\u00c4T<\/h2>\t\t\t\t<\/div>\n\t\t\t\t<\/div>\n\t\t\t\t<div class=\"elementor-element elementor-element-4ade76e elementor-widget elementor-widget-heading\" data-id=\"4ade76e\" data-element_type=\"widget\" data-e-type=\"widget\" data-widget_type=\"heading.default\">\n\t\t\t\t<div class=\"elementor-widget-container\">\n\t\t\t\t\t<h2 class=\"elementor-heading-title elementor-size-default\">Aber OFYR ist nicht nur ein Showkochen, sondern auch ein super vielseitiges Kochger\u00e4t, das eine riesige Kochkapazit\u00e4t bietet. Die grosse Oberfl\u00e4che der plancha\u00e4hnlichen Kochplatte kann f\u00fcr Fleisch, Fisch und Gem\u00fcse gleichzeitig verwendet werden. Mit dem Grill und den Spiessen k\u00f6nnen viele Grillfunktionen hinzugef\u00fcgt werden. Die meisten K\u00f6che, die den OFYR zum ersten Mal benutzen, sind erstaunt, welche Kochm\u00f6glichkeiten dieses scheinbar einfache, holzbefeuerte Kochger\u00e4t bietet.<\/h2>\t\t\t\t<\/div>\n\t\t\t\t<\/div>\n\t\t\t\t\t<\/div>\n\t\t<\/div>\n\t\t\t\t\t<\/div>\n\t\t<\/section>\n\t\t\t\t<section class=\"elementor-section elementor-top-section elementor-element elementor-element-0ba16e9 elementor-section-boxed elementor-section-height-default elementor-section-height-default\" data-id=\"0ba16e9\" data-element_type=\"section\" data-e-type=\"section\" data-settings=\"{&quot;background_background&quot;:&quot;classic&quot;}\">\n\t\t\t\t\t\t<div class=\"elementor-container elementor-column-gap-default\">\n\t\t\t\t\t<div class=\"elementor-column elementor-col-50 elementor-top-column elementor-element elementor-element-412fa27\" data-id=\"412fa27\" data-element_type=\"column\" data-e-type=\"column\" data-settings=\"{&quot;background_background&quot;:&quot;classic&quot;}\">\n\t\t\t<div class=\"elementor-widget-wrap elementor-element-populated\">\n\t\t\t\t\t\t<div class=\"elementor-element elementor-element-668bd25 elementor-widget elementor-widget-heading\" data-id=\"668bd25\" data-element_type=\"widget\" data-e-type=\"widget\" data-widget_type=\"heading.default\">\n\t\t\t\t<div class=\"elementor-widget-container\">\n\t\t\t\t\t<h2 class=\"elementor-heading-title elementor-size-default\">AUCH F\u00dcRS CATERING<\/h2>\t\t\t\t<\/div>\n\t\t\t\t<\/div>\n\t\t\t\t<div class=\"elementor-element elementor-element-d1a141e elementor-widget elementor-widget-heading\" data-id=\"d1a141e\" data-element_type=\"widget\" data-e-type=\"widget\" data-widget_type=\"heading.default\">\n\t\t\t\t<div class=\"elementor-widget-container\">\n\t\t\t\t\t<h2 class=\"elementor-heading-title elementor-size-default\">OFYR ist auch zum Standardwerkzeug vieler Catering-Unternehmen geworden. Ob es sich um eine Hochzeit, ein Jubil\u00e4um oder eine andere Art von Veranstaltung handelt, OFYR wird immer einer der Hauptpunkte der Aufmerksamkeit sein. Bei einer Hochzeit besteht immer die Gefahr, dass der OFYR h\u00e4ufiger fotografiert wird als die Braut \ud83d\ude42 .<br><br>\n\nF\u00fcr diese Gelegenheiten gibt es neben den regul\u00e4ren OFYR-Ger\u00e4ten den OFYR XL oder den OFYR Trailer, der eine mobile Version des XL ist. Am XL k\u00f6nnen problemlos zwei K\u00f6che gleichzeitig arbeiten.<\/h2>\t\t\t\t<\/div>\n\t\t\t\t<\/div>\n\t\t\t\t\t<\/div>\n\t\t<\/div>\n\t\t\t\t<div class=\"elementor-column elementor-col-50 elementor-top-column elementor-element elementor-element-f5697c8\" data-id=\"f5697c8\" data-element_type=\"column\" data-e-type=\"column\">\n\t\t\t<div class=\"elementor-widget-wrap elementor-element-populated\">\n\t\t\t\t\t\t<div class=\"elementor-element elementor-element-024fda4 elementor-widget elementor-widget-image\" data-id=\"024fda4\" data-element_type=\"widget\" data-e-type=\"widget\" data-widget_type=\"image.default\">\n\t\t\t\t<div class=\"elementor-widget-container\">\n\t\t\t\t\t\t\t\t\t\t\t\t\t\t\t<img loading=\"lazy\" decoding=\"async\" width=\"300\" height=\"300\" src=\"https:\/\/ofyr.ch\/wp-content\/uploads\/2022\/05\/Fotos-Professionals-04-300x300.jpg\" class=\"attachment-medium size-medium wp-image-559\" alt=\"\" srcset=\"https:\/\/b2882741.smushcdn.com\/2882741\/wp-content\/uploads\/2022\/05\/Fotos-Professionals-04-150x150.jpg?lossy=1&amp;strip=1&amp;webp=1 150w, https:\/\/b2882741.smushcdn.com\/2882741\/wp-content\/uploads\/2022\/05\/Fotos-Professionals-04-300x300.jpg?lossy=1&amp;strip=1&amp;webp=1 300w, https:\/\/b2882741.smushcdn.com\/2882741\/wp-content\/uploads\/2022\/05\/Fotos-Professionals-04.jpg?lossy=1&amp;strip=1&amp;webp=1 350w\" sizes=\"(max-width: 300px) 100vw, 300px\" \/>\t\t\t\t\t\t\t\t\t\t\t\t\t\t\t<\/div>\n\t\t\t\t<\/div>\n\t\t\t\t\t<\/div>\n\t\t<\/div>\n\t\t\t\t\t<\/div>\n\t\t<\/section>\n\t\t\t\t<\/div>","protected":false},"excerpt":{"rendered":"<p>OFYR HOSPITALITY MAGAZIN Dieses Magazin wurde speziell f\u00fcr professionelle K\u00f6che entwickelt. Lassen Sie sich von den einzigartigen Outdoor-Cooking-Konzepten inspirieren und sehen Sie, wie Sie OFYR in Ihrem eigenen Betrieb einsetzen k\u00f6nnen. BESITZEN SIE EIN UNTERNEHMEN, IN DEM SIE MIT OFYR KOCHEN? HIER ANMELDEN! Mit dieser neuen Funktion im OFYR-Club werden wir Restaurants f\u00f6rdern [...]<\/p>","protected":false},"author":1,"featured_media":544,"parent":0,"menu_order":0,"comment_status":"closed","ping_status":"closed","template":"","meta":{"footnotes":""},"class_list":["post-542","page","type-page","status-publish","has-post-thumbnail","hentry"],"_links":{"self":[{"href":"https:\/\/ofyr.ch\/de\/wp-json\/wp\/v2\/pages\/542","targetHints":{"allow":["GET"]}}],"collection":[{"href":"https:\/\/ofyr.ch\/de\/wp-json\/wp\/v2\/pages"}],"about":[{"href":"https:\/\/ofyr.ch\/de\/wp-json\/wp\/v2\/types\/page"}],"author":[{"embeddable":true,"href":"https:\/\/ofyr.ch\/de\/wp-json\/wp\/v2\/users\/1"}],"replies":[{"embeddable":true,"href":"https:\/\/ofyr.ch\/de\/wp-json\/wp\/v2\/comments?post=542"}],"version-history":[{"count":5,"href":"https:\/\/ofyr.ch\/de\/wp-json\/wp\/v2\/pages\/542\/revisions"}],"predecessor-version":[{"id":6009,"href":"https:\/\/ofyr.ch\/de\/wp-json\/wp\/v2\/pages\/542\/revisions\/6009"}],"wp:featuredmedia":[{"embeddable":true,"href":"https:\/\/ofyr.ch\/de\/wp-json\/wp\/v2\/media\/544"}],"wp:attachment":[{"href":"https:\/\/ofyr.ch\/de\/wp-json\/wp\/v2\/media?parent=542"}],"curies":[{"name":"wp","href":"https:\/\/api.w.org\/{rel}","templated":true}]}}