{"id":275,"date":"2022-04-21T08:10:07","date_gmt":"2022-04-21T08:10:07","guid":{"rendered":"https:\/\/ofyr.ch\/?page_id=275"},"modified":"2023-03-01T09:02:43","modified_gmt":"2023-03-01T09:02:43","slug":"about-ofyr","status":"publish","type":"page","link":"https:\/\/ofyr.ch\/fr\/about-ofyr\/","title":{"rendered":"\u00c0 propos d'OFYR"},"content":{"rendered":"<div data-elementor-type=\"wp-page\" data-elementor-id=\"275\" class=\"elementor elementor-275\" data-elementor-post-type=\"page\">\n\t\t\t\t\t\t<section class=\"elementor-section elementor-top-section elementor-element elementor-element-33544bb elementor-section-full_width elementor-section-height-min-height elementor-section-height-default elementor-section-items-middle\" data-id=\"33544bb\" data-element_type=\"section\" data-e-type=\"section\" data-settings=\"{&quot;background_background&quot;:&quot;classic&quot;}\">\n\t\t\t\t\t\t<div class=\"elementor-container elementor-column-gap-no\">\n\t\t\t\t\t<div class=\"elementor-column elementor-col-100 elementor-top-column elementor-element elementor-element-ce5f640\" data-id=\"ce5f640\" data-element_type=\"column\" data-e-type=\"column\">\n\t\t\t<div class=\"elementor-widget-wrap elementor-element-populated\">\n\t\t\t\t\t\t<div class=\"elementor-element elementor-element-90282b5 elementor-widget elementor-widget-heading\" data-id=\"90282b5\" data-element_type=\"widget\" data-e-type=\"widget\" data-widget_type=\"heading.default\">\n\t\t\t\t<div class=\"elementor-widget-container\">\n\t\t\t\t\t<h2 class=\"elementor-heading-title elementor-size-default\">\u00c0 propos d'OFYR<\/h2>\t\t\t\t<\/div>\n\t\t\t\t<\/div>\n\t\t\t\t\t<\/div>\n\t\t<\/div>\n\t\t\t\t\t<\/div>\n\t\t<\/section>\n\t\t\t\t<section class=\"elementor-section elementor-top-section elementor-element elementor-element-300da3a elementor-section-boxed elementor-section-height-default elementor-section-height-default\" data-id=\"300da3a\" data-element_type=\"section\" data-e-type=\"section\">\n\t\t\t\t\t\t<div class=\"elementor-container elementor-column-gap-no\">\n\t\t\t\t\t<div class=\"elementor-column elementor-col-33 elementor-top-column elementor-element elementor-element-3a99c29\" data-id=\"3a99c29\" data-element_type=\"column\" data-e-type=\"column\">\n\t\t\t<div class=\"elementor-widget-wrap elementor-element-populated\">\n\t\t\t\t\t\t<div class=\"elementor-element elementor-element-832524e elementor-widget elementor-widget-image\" data-id=\"832524e\" data-element_type=\"widget\" data-e-type=\"widget\" data-widget_type=\"image.default\">\n\t\t\t\t<div class=\"elementor-widget-container\">\n\t\t\t\t\t\t\t\t\t\t\t\t\t\t\t<img fetchpriority=\"high\" decoding=\"async\" width=\"300\" height=\"300\" src=\"https:\/\/ofyr.ch\/wp-content\/uploads\/2022\/04\/Fotos-About_OFYR-blok4-300x300.jpg\" class=\"attachment-medium size-medium wp-image-281\" alt=\"\" srcset=\"https:\/\/b2882741.smushcdn.com\/2882741\/wp-content\/uploads\/2022\/04\/Fotos-About_OFYR-blok4-150x150.jpg?lossy=1&amp;strip=1&amp;webp=1 150w, https:\/\/b2882741.smushcdn.com\/2882741\/wp-content\/uploads\/2022\/04\/Fotos-About_OFYR-blok4-300x300.jpg?lossy=1&amp;strip=1&amp;webp=1 300w, https:\/\/b2882741.smushcdn.com\/2882741\/wp-content\/uploads\/2022\/04\/Fotos-About_OFYR-blok4.jpg?lossy=1&amp;strip=1&amp;webp=1 350w\" sizes=\"(max-width: 300px) 100vw, 300px\" \/>\t\t\t\t\t\t\t\t\t\t\t\t\t\t\t<\/div>\n\t\t\t\t<\/div>\n\t\t\t\t\t<\/div>\n\t\t<\/div>\n\t\t\t\t<div class=\"elementor-column elementor-col-66 elementor-top-column elementor-element elementor-element-55bd50b\" data-id=\"55bd50b\" data-element_type=\"column\" data-e-type=\"column\">\n\t\t\t<div class=\"elementor-widget-wrap elementor-element-populated\">\n\t\t\t\t\t\t<div class=\"elementor-element elementor-element-b720c9c elementor-widget elementor-widget-heading\" data-id=\"b720c9c\" data-element_type=\"widget\" data-e-type=\"widget\" data-widget_type=\"heading.default\">\n\t\t\t\t<div class=\"elementor-widget-container\">\n\t\t\t\t\t<h2 class=\"elementor-heading-title elementor-size-default\">moments de connexion<\/h2>\t\t\t\t<\/div>\n\t\t\t\t<\/div>\n\t\t\t\t<div class=\"elementor-element elementor-element-ae81d28 elementor-widget elementor-widget-heading\" data-id=\"ae81d28\" data-element_type=\"widget\" data-e-type=\"widget\" data-widget_type=\"heading.default\">\n\t\t\t\t<div class=\"elementor-widget-container\">\n\t\t\t\t\t<h2 class=\"elementor-heading-title elementor-size-default\">moments of connection Depuis le d\u00e9but, les humains sont des \u00eatres sociaux. Nos anc\u00eatres s'asseyaient autour du feu et se racontaient des histoires. Aujourd'hui, les possibilit\u00e9s de communication sont innombrables : nous sommes connect\u00e9s 24 heures sur 24 et 7 jours sur 7 avec tous nos contacts. Mais quand nous sentons-nous vraiment connect\u00e9s les uns aux autres ? En g\u00e9n\u00e9ral, ces moments ont lieu autour d'un repas ou d'un feu.<\/h2>\t\t\t\t<\/div>\n\t\t\t\t<\/div>\n\t\t\t\t\t<\/div>\n\t\t<\/div>\n\t\t\t\t\t<\/div>\n\t\t<\/section>\n\t\t\t\t<section class=\"elementor-section elementor-top-section elementor-element elementor-element-2d4201a elementor-section-boxed elementor-section-height-default elementor-section-height-default\" data-id=\"2d4201a\" data-element_type=\"section\" data-e-type=\"section\" data-settings=\"{&quot;background_background&quot;:&quot;classic&quot;}\">\n\t\t\t\t\t\t<div class=\"elementor-container elementor-column-gap-no\">\n\t\t\t\t\t<div class=\"elementor-column elementor-col-66 elementor-top-column elementor-element elementor-element-6c4b9e2\" data-id=\"6c4b9e2\" data-element_type=\"column\" data-e-type=\"column\" data-settings=\"{&quot;background_background&quot;:&quot;classic&quot;}\">\n\t\t\t<div class=\"elementor-widget-wrap elementor-element-populated\">\n\t\t\t\t\t\t<div class=\"elementor-element elementor-element-b5bcc1d elementor-widget elementor-widget-heading\" data-id=\"b5bcc1d\" data-element_type=\"widget\" data-e-type=\"widget\" data-widget_type=\"heading.default\">\n\t\t\t\t<div class=\"elementor-widget-container\">\n\t\t\t\t\t<h2 class=\"elementor-heading-title elementor-size-default\">UN CONCEPT DE VIE EN PLEIN AIR<\/h2>\t\t\t\t<\/div>\n\t\t\t\t<\/div>\n\t\t\t\t<div class=\"elementor-element elementor-element-72e5db5 elementor-widget elementor-widget-heading\" data-id=\"72e5db5\" data-element_type=\"widget\" data-e-type=\"widget\" data-widget_type=\"heading.default\">\n\t\t\t\t<div class=\"elementor-widget-container\">\n\t\t\t\t\t<h2 class=\"elementor-heading-title elementor-size-default\">OFYR est con\u00e7u pour ces moments de connexion et fait de la cuisine en plein air une exp\u00e9rience partag\u00e9e. OFYR a \u00e9t\u00e9 lanc\u00e9 pour la premi\u00e8re fois aux Pays-Bas en 2015 et est d\u00e9sormais vendu dans plus de 80 pays. Soutenue par une \u00e9quipe de designers, OFYR a ajout\u00e9 \u00e0 sa gamme de produits une s\u00e9rie de meubles d'ext\u00e9rieur, d'ustensiles et d'accessoires de haute qualit\u00e9, transformant la marque en un concept de style de vie en plein air.<\/h2>\t\t\t\t<\/div>\n\t\t\t\t<\/div>\n\t\t\t\t\t<\/div>\n\t\t<\/div>\n\t\t\t\t<div class=\"elementor-column elementor-col-33 elementor-top-column elementor-element elementor-element-48a068c\" data-id=\"48a068c\" data-element_type=\"column\" data-e-type=\"column\" data-settings=\"{&quot;background_background&quot;:&quot;classic&quot;}\">\n\t\t\t<div class=\"elementor-widget-wrap elementor-element-populated\">\n\t\t\t\t\t\t<div class=\"elementor-element elementor-element-36f522a elementor-widget elementor-widget-image\" data-id=\"36f522a\" data-element_type=\"widget\" data-e-type=\"widget\" data-widget_type=\"image.default\">\n\t\t\t\t<div class=\"elementor-widget-container\">\n\t\t\t\t\t\t\t\t\t\t\t\t\t\t\t<img decoding=\"async\" width=\"300\" height=\"300\" src=\"https:\/\/ofyr.ch\/wp-content\/uploads\/2022\/04\/outdoor-lifestyle-concept-1-300x300.jpg\" class=\"attachment-medium size-medium wp-image-286\" alt=\"\" srcset=\"https:\/\/b2882741.smushcdn.com\/2882741\/wp-content\/uploads\/2022\/04\/outdoor-lifestyle-concept-1-150x150.jpg?lossy=1&amp;strip=1&amp;webp=1 150w, https:\/\/b2882741.smushcdn.com\/2882741\/wp-content\/uploads\/2022\/04\/outdoor-lifestyle-concept-1-300x300.jpg?lossy=1&amp;strip=1&amp;webp=1 300w, https:\/\/b2882741.smushcdn.com\/2882741\/wp-content\/uploads\/2022\/04\/outdoor-lifestyle-concept-1.jpg?lossy=1&amp;strip=1&amp;webp=1 750w\" sizes=\"(max-width: 300px) 100vw, 300px\" \/>\t\t\t\t\t\t\t\t\t\t\t\t\t\t\t<\/div>\n\t\t\t\t<\/div>\n\t\t\t\t\t<\/div>\n\t\t<\/div>\n\t\t\t\t\t<\/div>\n\t\t<\/section>\n\t\t\t\t<section class=\"elementor-section elementor-top-section elementor-element elementor-element-105a280 elementor-section-boxed elementor-section-height-default elementor-section-height-default\" data-id=\"105a280\" data-element_type=\"section\" data-e-type=\"section\">\n\t\t\t\t\t\t<div class=\"elementor-container elementor-column-gap-no\">\n\t\t\t\t\t<div class=\"elementor-column elementor-col-33 elementor-top-column elementor-element elementor-element-2ea5203\" data-id=\"2ea5203\" data-element_type=\"column\" data-e-type=\"column\">\n\t\t\t<div class=\"elementor-widget-wrap elementor-element-populated\">\n\t\t\t\t\t\t<div class=\"elementor-element elementor-element-c9b963e elementor-widget elementor-widget-image\" data-id=\"c9b963e\" data-element_type=\"widget\" data-e-type=\"widget\" data-widget_type=\"image.default\">\n\t\t\t\t<div class=\"elementor-widget-container\">\n\t\t\t\t\t\t\t\t\t\t\t\t\t\t\t<img decoding=\"async\" width=\"300\" height=\"300\" src=\"https:\/\/ofyr.ch\/wp-content\/uploads\/2022\/04\/Fotos-About_OFYR-blok2-2-300x300.jpg\" class=\"attachment-medium size-medium wp-image-287\" alt=\"\" srcset=\"https:\/\/b2882741.smushcdn.com\/2882741\/wp-content\/uploads\/2022\/04\/Fotos-About_OFYR-blok2-2-150x150.jpg?lossy=1&amp;strip=1&amp;webp=1 150w, https:\/\/b2882741.smushcdn.com\/2882741\/wp-content\/uploads\/2022\/04\/Fotos-About_OFYR-blok2-2-300x300.jpg?lossy=1&amp;strip=1&amp;webp=1 300w, https:\/\/b2882741.smushcdn.com\/2882741\/wp-content\/uploads\/2022\/04\/Fotos-About_OFYR-blok2-2.jpg?lossy=1&amp;strip=1&amp;webp=1 350w\" sizes=\"(max-width: 300px) 100vw, 300px\" \/>\t\t\t\t\t\t\t\t\t\t\t\t\t\t\t<\/div>\n\t\t\t\t<\/div>\n\t\t\t\t\t<\/div>\n\t\t<\/div>\n\t\t\t\t<div class=\"elementor-column elementor-col-66 elementor-top-column elementor-element elementor-element-54da6b6\" data-id=\"54da6b6\" data-element_type=\"column\" data-e-type=\"column\">\n\t\t\t<div class=\"elementor-widget-wrap elementor-element-populated\">\n\t\t\t\t\t\t<div class=\"elementor-element elementor-element-5ce7ef8 elementor-widget elementor-widget-heading\" data-id=\"5ce7ef8\" data-element_type=\"widget\" data-e-type=\"widget\" data-widget_type=\"heading.default\">\n\t\t\t\t<div class=\"elementor-widget-container\">\n\t\t\t\t\t<h2 class=\"elementor-heading-title elementor-size-default\">POUR TOUTES LES SAISONS<\/h2>\t\t\t\t<\/div>\n\t\t\t\t<\/div>\n\t\t\t\t<div class=\"elementor-element elementor-element-7d4e34e elementor-widget elementor-widget-heading\" data-id=\"7d4e34e\" data-element_type=\"widget\" data-e-type=\"widget\" data-widget_type=\"heading.default\">\n\t\t\t\t<div class=\"elementor-widget-container\">\n\t\t\t\t\t<h2 class=\"elementor-heading-title elementor-size-default\">Qu'est-ce qui rend le concept OFYR si unique et passionnant ? Nous le devons \u00e0 sa simplicit\u00e9, \u00e0 sa multifonctionnalit\u00e9 et \u00e0 son magnifique design, qui, ensemble, cr\u00e9ent une toute nouvelle fa\u00e7on de cuisiner et de recevoir \u00e0 l'ext\u00e9rieur. La multifonctionnalit\u00e9 d'OFYR est \u00e9vidente dans les nombreuses fa\u00e7ons diff\u00e9rentes dont il peut \u00eatre pr\u00e9par\u00e9. En Espagne, OFYR est utilis\u00e9 pour pr\u00e9parer une d\u00e9licieuse paella. En Suisse, les amis des sports d'hiver se retrouvent autour d'un vin chaud au coin du feu apr\u00e8s une journ\u00e9e de ski. L'OFYR peut \u00eatre utilis\u00e9 partout et unit les gens au cours des quatre saisons.<\/h2>\t\t\t\t<\/div>\n\t\t\t\t<\/div>\n\t\t\t\t\t<\/div>\n\t\t<\/div>\n\t\t\t\t\t<\/div>\n\t\t<\/section>\n\t\t\t\t<section class=\"elementor-section elementor-top-section elementor-element elementor-element-956263a elementor-section-boxed elementor-section-height-default elementor-section-height-default\" data-id=\"956263a\" data-element_type=\"section\" data-e-type=\"section\" data-settings=\"{&quot;background_background&quot;:&quot;classic&quot;}\">\n\t\t\t\t\t\t<div class=\"elementor-container elementor-column-gap-no\">\n\t\t\t\t\t<div class=\"elementor-column elementor-col-66 elementor-top-column elementor-element elementor-element-64f31db\" data-id=\"64f31db\" data-element_type=\"column\" data-e-type=\"column\" data-settings=\"{&quot;background_background&quot;:&quot;classic&quot;}\">\n\t\t\t<div class=\"elementor-widget-wrap elementor-element-populated\">\n\t\t\t\t\t\t<div class=\"elementor-element elementor-element-eb8c823 elementor-widget elementor-widget-heading\" data-id=\"eb8c823\" data-element_type=\"widget\" data-e-type=\"widget\" data-widget_type=\"heading.default\">\n\t\t\t\t<div class=\"elementor-widget-container\">\n\t\t\t\t\t<h2 class=\"elementor-heading-title elementor-size-default\">POUR UN USAGE PRIV\u00c9 OU PROFESSIONNEL<\/h2>\t\t\t\t<\/div>\n\t\t\t\t<\/div>\n\t\t\t\t<div class=\"elementor-element elementor-element-2bd7f94 elementor-widget elementor-widget-heading\" data-id=\"2bd7f94\" data-element_type=\"widget\" data-e-type=\"widget\" data-widget_type=\"heading.default\">\n\t\t\t\t<div class=\"elementor-widget-container\">\n\t\t\t\t\t<h2 class=\"elementor-heading-title elementor-size-default\">Et ce ne sont pas seulement les amateurs de bon design et de bonne cuisine qui aiment OFYR. Les restaurants et les h\u00f4tels utilisent OFYR pour mettre en valeur leurs espaces ext\u00e9rieurs et offrir \u00e0 leurs clients une exp\u00e9rience gastronomique in\u00e9gal\u00e9e. Les chefs appr\u00e9cient \u00e9galement sa polyvalence pour la restauration \u00e9v\u00e9nementielle et le show cooking. OFYR est souvent utilis\u00e9 pour des \u00e9v\u00e9nements, qu'il s'agisse d'activit\u00e9s de petits groupes ou de tr\u00e8s grands \u00e9v\u00e9nements tels que des festivals de cin\u00e9ma.<\/h2>\t\t\t\t<\/div>\n\t\t\t\t<\/div>\n\t\t\t\t\t<\/div>\n\t\t<\/div>\n\t\t\t\t<div class=\"elementor-column elementor-col-33 elementor-top-column elementor-element elementor-element-6761174\" data-id=\"6761174\" data-element_type=\"column\" data-e-type=\"column\" data-settings=\"{&quot;background_background&quot;:&quot;classic&quot;}\">\n\t\t\t<div class=\"elementor-widget-wrap elementor-element-populated\">\n\t\t\t\t\t\t<div class=\"elementor-element elementor-element-04a7169 elementor-widget elementor-widget-image\" data-id=\"04a7169\" data-element_type=\"widget\" data-e-type=\"widget\" data-widget_type=\"image.default\">\n\t\t\t\t<div class=\"elementor-widget-container\">\n\t\t\t\t\t\t\t\t\t\t\t\t\t\t\t<img loading=\"lazy\" decoding=\"async\" width=\"300\" height=\"300\" src=\"https:\/\/ofyr.ch\/wp-content\/uploads\/2022\/04\/OFYR-Guy-PRO-1-300x300.jpg\" class=\"attachment-medium size-medium wp-image-288\" alt=\"\" srcset=\"https:\/\/b2882741.smushcdn.com\/2882741\/wp-content\/uploads\/2022\/04\/OFYR-Guy-PRO-1-150x150.jpg?lossy=1&amp;strip=1&amp;webp=1 150w, https:\/\/b2882741.smushcdn.com\/2882741\/wp-content\/uploads\/2022\/04\/OFYR-Guy-PRO-1-300x300.jpg?lossy=1&amp;strip=1&amp;webp=1 300w, https:\/\/b2882741.smushcdn.com\/2882741\/wp-content\/uploads\/2022\/04\/OFYR-Guy-PRO-1.jpg?lossy=1&amp;strip=1&amp;webp=1 750w\" sizes=\"(max-width: 300px) 100vw, 300px\" \/>\t\t\t\t\t\t\t\t\t\t\t\t\t\t\t<\/div>\n\t\t\t\t<\/div>\n\t\t\t\t\t<\/div>\n\t\t<\/div>\n\t\t\t\t\t<\/div>\n\t\t<\/section>\n\t\t\t\t<\/div>","protected":false},"excerpt":{"rendered":"<p>des moments de connexion Depuis le tout d\u00e9but, nous, les humains, sommes des cr\u00e9atures sociales. Nos anc\u00eatres s'asseyaient autour de feux de cuisson pour raconter des histoires. Aujourd'hui, les moyens de communication sont infinis : nous nous promenons avec des appareils quotidiens qui nous permettent d'\u00e9crire ou de parler \u00e0 des personnes n'importe o\u00f9 dans le monde. Mais quand nous sentons-nous vraiment connect\u00e9s \u00e0 [...]<\/p>","protected":false},"author":1,"featured_media":277,"parent":0,"menu_order":0,"comment_status":"closed","ping_status":"closed","template":"elementor_header_footer","meta":{"footnotes":""},"class_list":["post-275","page","type-page","status-publish","has-post-thumbnail","hentry"],"_links":{"self":[{"href":"https:\/\/ofyr.ch\/fr\/wp-json\/wp\/v2\/pages\/275","targetHints":{"allow":["GET"]}}],"collection":[{"href":"https:\/\/ofyr.ch\/fr\/wp-json\/wp\/v2\/pages"}],"about":[{"href":"https:\/\/ofyr.ch\/fr\/wp-json\/wp\/v2\/types\/page"}],"author":[{"embeddable":true,"href":"https:\/\/ofyr.ch\/fr\/wp-json\/wp\/v2\/users\/1"}],"replies":[{"embeddable":true,"href":"https:\/\/ofyr.ch\/fr\/wp-json\/wp\/v2\/comments?post=275"}],"version-history":[{"count":5,"href":"https:\/\/ofyr.ch\/fr\/wp-json\/wp\/v2\/pages\/275\/revisions"}],"predecessor-version":[{"id":6007,"href":"https:\/\/ofyr.ch\/fr\/wp-json\/wp\/v2\/pages\/275\/revisions\/6007"}],"wp:featuredmedia":[{"embeddable":true,"href":"https:\/\/ofyr.ch\/fr\/wp-json\/wp\/v2\/media\/277"}],"wp:attachment":[{"href":"https:\/\/ofyr.ch\/fr\/wp-json\/wp\/v2\/media?parent=275"}],"curies":[{"name":"wp","href":"https:\/\/api.w.org\/{rel}","templated":true}]}}