{"id":3,"date":"2022-02-03T10:33:06","date_gmt":"2022-02-03T10:33:06","guid":{"rendered":"https:\/\/ofyr.ch\/?page_id=3"},"modified":"2023-02-27T10:47:15","modified_gmt":"2023-02-27T10:47:15","slug":"privacy-policy","status":"publish","type":"page","link":"https:\/\/ofyr.ch\/fr\/privacy-policy\/","title":{"rendered":"Politique en mati\u00e8re de protection de la vie priv\u00e9e et de cookies"},"content":{"rendered":"<div data-elementor-type=\"wp-page\" data-elementor-id=\"3\" class=\"elementor elementor-3\" data-elementor-post-type=\"page\">\n\t\t\t\t\t\t<section class=\"elementor-section elementor-top-section elementor-element elementor-element-fd14aee elementor-section-full_width elementor-section-height-min-height elementor-section-height-default elementor-section-items-middle\" data-id=\"fd14aee\" data-element_type=\"section\" data-e-type=\"section\" data-settings=\"{&quot;background_background&quot;:&quot;classic&quot;}\">\n\t\t\t\t\t\t<div class=\"elementor-container elementor-column-gap-no\">\n\t\t\t\t\t<div class=\"elementor-column elementor-col-100 elementor-top-column elementor-element elementor-element-fe5d63e\" data-id=\"fe5d63e\" data-element_type=\"column\" data-e-type=\"column\">\n\t\t\t<div class=\"elementor-widget-wrap elementor-element-populated\">\n\t\t\t\t\t\t<div class=\"elementor-element elementor-element-b832ad7 elementor-widget elementor-widget-heading\" data-id=\"b832ad7\" data-element_type=\"widget\" data-e-type=\"widget\" data-widget_type=\"heading.default\">\n\t\t\t\t<div class=\"elementor-widget-container\">\n\t\t\t\t\t<h2 class=\"elementor-heading-title elementor-size-default\">Politique en mati\u00e8re de protection de la vie priv\u00e9e et de cookies<\/h2>\t\t\t\t<\/div>\n\t\t\t\t<\/div>\n\t\t\t\t\t<\/div>\n\t\t<\/div>\n\t\t\t\t\t<\/div>\n\t\t<\/section>\n\t\t\t\t<section class=\"elementor-section elementor-top-section elementor-element elementor-element-473bc14 elementor-section-boxed elementor-section-height-default elementor-section-height-default\" data-id=\"473bc14\" data-element_type=\"section\" data-e-type=\"section\">\n\t\t\t\t\t\t<div class=\"elementor-container elementor-column-gap-no\">\n\t\t\t\t\t<div class=\"elementor-column elementor-col-100 elementor-top-column elementor-element elementor-element-9394ca8\" data-id=\"9394ca8\" data-element_type=\"column\" data-e-type=\"column\">\n\t\t\t<div class=\"elementor-widget-wrap elementor-element-populated\">\n\t\t\t\t\t\t<div class=\"elementor-element elementor-element-12ba0ba elementor-widget elementor-widget-html\" data-id=\"12ba0ba\" data-element_type=\"widget\" data-e-type=\"widget\" data-widget_type=\"html.default\">\n\t\t\t\t<div class=\"elementor-widget-container\">\n\t\t\t\t\t<h2>Consentement \u00e0 l'utilisation de cookies.<\/h2>\r\n<p>Pour que notre site web fonctionne correctement, nous utilisons des cookies. Pour obtenir votre consentement valide \u00e0 l'utilisation et au stockage de cookies dans le navigateur que vous utilisez pour acc\u00e9der \u00e0 notre site web et pour le documenter correctement, nous utilisons une plateforme de gestion des consentements : CookieFirst. Cette technologie est fournie par Digital Data Solutions BV, Plantage Middenlaan 42a, 1018 DH, Amsterdam, Pays-Bas. Site web : <a href='https:\/\/cookiefirst.com' title='Cookiefirst page'>https:\/\/cookiefirst.com<\/a> appel\u00e9 CookieFirst.<\/p>\r\n<p>Lorsque vous acc\u00e9dez \u00e0 notre site web, une connexion est \u00e9tablie avec le serveur de CookieFirst pour nous donner la possibilit\u00e9 d'obtenir de votre part un consentement valable \u00e0 l'utilisation de certains cookies. CookieFirst stocke ensuite un cookie dans votre navigateur afin de pouvoir activer uniquement les cookies pour lesquels vous avez donn\u00e9 votre consentement et de le documenter correctement. Les donn\u00e9es trait\u00e9es sont conserv\u00e9es jusqu'\u00e0 l'expiration de la p\u00e9riode de conservation pr\u00e9d\u00e9finie ou jusqu'\u00e0 ce que vous demandiez la suppression des donn\u00e9es. Certains d\u00e9lais de conservation l\u00e9gaux obligatoires peuvent s'appliquer nonobstant ce qui pr\u00e9c\u00e8de.<\/p>\r\n<p>CookieFirst est utilis\u00e9 pour obtenir le consentement l\u00e9galement requis pour l'utilisation de cookies. La base juridique est l'article 6, paragraphe 1, point c), du r\u00e8glement g\u00e9n\u00e9ral sur la protection des donn\u00e9es (RGPD).<\/p>\r\n<h2>Accord sur le traitement des donn\u00e9es<\/h2>\r\n<p>Nous avons conclu un accord de traitement des donn\u00e9es avec CookieFirst. Il s'agit d'un contrat requis par la loi sur la protection des donn\u00e9es, qui garantit que les donn\u00e9es des visiteurs de notre site web ne sont trait\u00e9es que conform\u00e9ment \u00e0 nos instructions et au GDPR.<\/p>\r\n<h2>Fichiers journaux du serveur<\/h2>\r\n<p>Notre site web et CookieFirst collectent et stockent automatiquement des informations dans ce que l'on appelle les fichiers journaux du serveur, que votre navigateur nous transmet automatiquement. Les donn\u00e9es suivantes sont collect\u00e9es :<\/p>\r\n<ul>\r\n<li>L'\u00e9tat de votre consentement ou le retrait de celui-ci<\/li>\r\n<li>Votre adresse IP anonymis\u00e9e<\/li>\r\n<li>Informations sur votre navigateur<\/li>\r\n<li>Informations sur votre appareil<\/li>\r\n<li>la date et l'heure de votre visite sur notre site web<\/li>\r\n<li>L'url de la page web o\u00f9 vous avez enregistr\u00e9 ou mis \u00e0 jour vos pr\u00e9f\u00e9rences en mati\u00e8re de consentement.<\/li>\r\n<li>La localisation approximative de l'utilisateur qui a enregistr\u00e9 sa pr\u00e9f\u00e9rence en mati\u00e8re de consentement<\/li>\r\n<li>Un identifiant universel unique (UUID) du visiteur du site web qui a cliqu\u00e9 sur la banni\u00e8re du cookie.<\/li>\r\n<\/ul>\t\t\t\t<\/div>\n\t\t\t\t<\/div>\n\t\t\t\t\t<\/div>\n\t\t<\/div>\n\t\t\t\t\t<\/div>\n\t\t<\/section>\n\t\t\t\t<\/div>","protected":false},"excerpt":{"rendered":"<p>Consentement \u00e0 l'utilisation de cookies. Pour que notre site web fonctionne correctement, nous utilisons des cookies. Pour obtenir votre consentement valide \u00e0 l'utilisation et au stockage de cookies dans le navigateur que vous utilisez pour acc\u00e9der \u00e0 notre site web et pour le documenter correctement, nous utilisons une plateforme de gestion des consentements : CookieFirst. Cette technologie est fournie par Digital Data [...]<\/p>","protected":false},"author":1,"featured_media":3172,"parent":0,"menu_order":0,"comment_status":"closed","ping_status":"closed","template":"","meta":{"footnotes":""},"class_list":["post-3","page","type-page","status-publish","has-post-thumbnail","hentry"],"_links":{"self":[{"href":"https:\/\/ofyr.ch\/fr\/wp-json\/wp\/v2\/pages\/3","targetHints":{"allow":["GET"]}}],"collection":[{"href":"https:\/\/ofyr.ch\/fr\/wp-json\/wp\/v2\/pages"}],"about":[{"href":"https:\/\/ofyr.ch\/fr\/wp-json\/wp\/v2\/types\/page"}],"author":[{"embeddable":true,"href":"https:\/\/ofyr.ch\/fr\/wp-json\/wp\/v2\/users\/1"}],"replies":[{"embeddable":true,"href":"https:\/\/ofyr.ch\/fr\/wp-json\/wp\/v2\/comments?post=3"}],"version-history":[{"count":5,"href":"https:\/\/ofyr.ch\/fr\/wp-json\/wp\/v2\/pages\/3\/revisions"}],"predecessor-version":[{"id":5591,"href":"https:\/\/ofyr.ch\/fr\/wp-json\/wp\/v2\/pages\/3\/revisions\/5591"}],"wp:featuredmedia":[{"embeddable":true,"href":"https:\/\/ofyr.ch\/fr\/wp-json\/wp\/v2\/media\/3172"}],"wp:attachment":[{"href":"https:\/\/ofyr.ch\/fr\/wp-json\/wp\/v2\/media?parent=3"}],"curies":[{"name":"wp","href":"https:\/\/api.w.org\/{rel}","templated":true}]}}