{"id":3152,"date":"2022-09-21T12:41:37","date_gmt":"2022-09-21T12:41:37","guid":{"rendered":"https:\/\/ofyr.ch\/?page_id=3152"},"modified":"2022-10-05T13:03:46","modified_gmt":"2022-10-05T13:03:46","slug":"lets-ofyr","status":"publish","type":"page","link":"https:\/\/ofyr.ch\/fr\/lets-ofyr\/","title":{"rendered":"OFYR"},"content":{"rendered":"<div data-elementor-type=\"wp-page\" data-elementor-id=\"3152\" class=\"elementor elementor-3152\" data-elementor-post-type=\"page\">\n\t\t\t\t\t\t<section class=\"elementor-section elementor-top-section elementor-element elementor-element-a4d5ef7 elementor-section-full_width elementor-section-height-min-height elementor-section-height-default elementor-section-items-middle\" data-id=\"a4d5ef7\" data-element_type=\"section\" data-e-type=\"section\" data-settings=\"{&quot;background_background&quot;:&quot;classic&quot;}\">\n\t\t\t\t\t\t<div class=\"elementor-container elementor-column-gap-no\">\n\t\t\t\t\t<div class=\"elementor-column elementor-col-100 elementor-top-column elementor-element elementor-element-b3294f6\" data-id=\"b3294f6\" data-element_type=\"column\" data-e-type=\"column\">\n\t\t\t<div class=\"elementor-widget-wrap elementor-element-populated\">\n\t\t\t\t\t\t<div class=\"elementor-element elementor-element-233d846 elementor-widget elementor-widget-heading\" data-id=\"233d846\" data-element_type=\"widget\" data-e-type=\"widget\" data-widget_type=\"heading.default\">\n\t\t\t\t<div class=\"elementor-widget-container\">\n\t\t\t\t\t<h2 class=\"elementor-heading-title elementor-size-default\">OFYR<\/h2>\t\t\t\t<\/div>\n\t\t\t\t<\/div>\n\t\t\t\t\t<\/div>\n\t\t<\/div>\n\t\t\t\t\t<\/div>\n\t\t<\/section>\n\t\t\t\t<section class=\"elementor-section elementor-top-section elementor-element elementor-element-2b7399f elementor-reverse-mobile elementor-section-boxed elementor-section-height-default elementor-section-height-default\" data-id=\"2b7399f\" data-element_type=\"section\" data-e-type=\"section\" data-settings=\"{&quot;background_background&quot;:&quot;classic&quot;}\">\n\t\t\t\t\t\t<div class=\"elementor-container elementor-column-gap-default\">\n\t\t\t\t\t<div class=\"elementor-column elementor-col-50 elementor-top-column elementor-element elementor-element-be2e1f2\" data-id=\"be2e1f2\" data-element_type=\"column\" data-e-type=\"column\" data-settings=\"{&quot;background_background&quot;:&quot;classic&quot;}\">\n\t\t\t<div class=\"elementor-widget-wrap elementor-element-populated\">\n\t\t\t\t\t\t<div class=\"elementor-element elementor-element-07d4364 elementor-widget elementor-widget-image\" data-id=\"07d4364\" data-element_type=\"widget\" data-e-type=\"widget\" data-widget_type=\"image.default\">\n\t\t\t\t<div class=\"elementor-widget-container\">\n\t\t\t\t\t\t\t\t\t\t\t\t\t\t\t<img fetchpriority=\"high\" decoding=\"async\" width=\"350\" height=\"350\" src=\"https:\/\/ofyr.ch\/wp-content\/uploads\/2022\/09\/Fotos-Professionals-03.jpg\" class=\"attachment-full size-full wp-image-3157\" alt=\"\" srcset=\"https:\/\/b2882741.smushcdn.com\/2882741\/wp-content\/uploads\/2022\/09\/Fotos-Professionals-03-150x150.jpg?lossy=1&amp;strip=1&amp;webp=1 150w, https:\/\/b2882741.smushcdn.com\/2882741\/wp-content\/uploads\/2022\/09\/Fotos-Professionals-03-300x300.jpg?lossy=1&amp;strip=1&amp;webp=1 300w, https:\/\/b2882741.smushcdn.com\/2882741\/wp-content\/uploads\/2022\/09\/Fotos-Professionals-03.jpg?lossy=1&amp;strip=1&amp;webp=1 350w\" sizes=\"(max-width: 350px) 100vw, 350px\" \/>\t\t\t\t\t\t\t\t\t\t\t\t\t\t\t<\/div>\n\t\t\t\t<\/div>\n\t\t\t\t\t<\/div>\n\t\t<\/div>\n\t\t\t\t<div class=\"elementor-column elementor-col-50 elementor-top-column elementor-element elementor-element-4a64b9f\" data-id=\"4a64b9f\" data-element_type=\"column\" data-e-type=\"column\" data-settings=\"{&quot;background_background&quot;:&quot;classic&quot;}\">\n\t\t\t<div class=\"elementor-widget-wrap elementor-element-populated\">\n\t\t\t\t\t\t<div class=\"elementor-element elementor-element-51e69c6 elementor-widget elementor-widget-heading\" data-id=\"51e69c6\" data-element_type=\"widget\" data-e-type=\"widget\" data-widget_type=\"heading.default\">\n\t\t\t\t<div class=\"elementor-widget-container\">\n\t\t\t\t\t<h2 class=\"elementor-heading-title elementor-size-default\">COMMENT FAIRE<\/h2>\t\t\t\t<\/div>\n\t\t\t\t<\/div>\n\t\t\t\t<div class=\"elementor-element elementor-element-b6c0975 elementor-widget elementor-widget-heading\" data-id=\"b6c0975\" data-element_type=\"widget\" data-e-type=\"widget\" data-widget_type=\"heading.default\">\n\t\t\t\t<div class=\"elementor-widget-container\">\n\t\t\t\t\t<h2 class=\"elementor-heading-title elementor-size-default\">Bien que nos produits soient de haute qualit\u00e9 et con\u00e7us pour pouvoir (la plupart du temps) rester \u00e0 l'ext\u00e9rieur, chaque produit n\u00e9cessite une pr\u00e9paration et un entretien ad\u00e9quats. En outre, les unit\u00e9s de cuisson OFYR permettent de multiples techniques de cuisson, dont certaines auxquelles vous n'auriez peut-\u00eatre pas pens\u00e9 vous-m\u00eame. <\/h2>\t\t\t\t<\/div>\n\t\t\t\t<\/div>\n\t\t\t\t<div class=\"elementor-element elementor-element-9af9f8f elementor-align-center elementor-widget elementor-widget-button\" data-id=\"9af9f8f\" data-element_type=\"widget\" data-e-type=\"widget\" data-widget_type=\"button.default\">\n\t\t\t\t<div class=\"elementor-widget-container\">\n\t\t\t\t\t\t\t\t\t<div class=\"elementor-button-wrapper\">\n\t\t\t\t\t<a class=\"elementor-button elementor-button-link elementor-size-xs\" href=\"\/fr\/comment-faire\/\">\n\t\t\t\t\t\t<span class=\"elementor-button-content-wrapper\">\n\t\t\t\t\t\t\t\t\t<span class=\"elementor-button-text\">D\u00e9couvrez donc ici comment ofyr<\/span>\n\t\t\t\t\t<\/span>\n\t\t\t\t\t<\/a>\n\t\t\t\t<\/div>\n\t\t\t\t\t\t\t\t<\/div>\n\t\t\t\t<\/div>\n\t\t\t\t\t<\/div>\n\t\t<\/div>\n\t\t\t\t\t<\/div>\n\t\t<\/section>\n\t\t\t\t<section class=\"elementor-section elementor-top-section elementor-element elementor-element-36dbd05 elementor-section-boxed elementor-section-height-default elementor-section-height-default\" data-id=\"36dbd05\" data-element_type=\"section\" data-e-type=\"section\" data-settings=\"{&quot;background_background&quot;:&quot;classic&quot;}\">\n\t\t\t\t\t\t<div class=\"elementor-container elementor-column-gap-default\">\n\t\t\t\t\t<div class=\"elementor-column elementor-col-50 elementor-top-column elementor-element elementor-element-e9e0f13\" data-id=\"e9e0f13\" data-element_type=\"column\" data-e-type=\"column\" data-settings=\"{&quot;background_background&quot;:&quot;classic&quot;}\">\n\t\t\t<div class=\"elementor-widget-wrap elementor-element-populated\">\n\t\t\t\t\t\t<div class=\"elementor-element elementor-element-760b415 elementor-widget elementor-widget-heading\" data-id=\"760b415\" data-element_type=\"widget\" data-e-type=\"widget\" data-widget_type=\"heading.default\">\n\t\t\t\t<div class=\"elementor-widget-container\">\n\t\t\t\t\t<h2 class=\"elementor-heading-title elementor-size-default\">RECETTES<\/h2>\t\t\t\t<\/div>\n\t\t\t\t<\/div>\n\t\t\t\t<div class=\"elementor-element elementor-element-afd3686 elementor-widget elementor-widget-heading\" data-id=\"afd3686\" data-element_type=\"widget\" data-e-type=\"widget\" data-widget_type=\"heading.default\">\n\t\t\t\t<div class=\"elementor-widget-container\">\n\t\t\t\t\t<h2 class=\"elementor-heading-title elementor-size-default\">Une fois que vous avez install\u00e9 votre unit\u00e9 de cuisson et que vous \u00eates pr\u00eat \u00e0 commencer \u00e0 cuisiner, il ne vous reste plus qu'\u00e0 r\u00e9pondre \u00e0 la question suivante : quels aliments vais-je pr\u00e9parer ? Vous trouverez ici de l'inspiration avec des recettes tir\u00e9es de notre livre de cuisine ou cr\u00e9\u00e9es par nos chefs ambassadeurs. Chaque recette peut \u00eatre pr\u00e9par\u00e9e \u00e0 l'aide de diff\u00e9rentes techniques de cuisson. Le plaisir de cuisiner est donc garanti !<\/h2>\t\t\t\t<\/div>\n\t\t\t\t<\/div>\n\t\t\t\t<div class=\"elementor-element elementor-element-27ab0df elementor-align-center elementor-widget elementor-widget-button\" data-id=\"27ab0df\" data-element_type=\"widget\" data-e-type=\"widget\" data-widget_type=\"button.default\">\n\t\t\t\t<div class=\"elementor-widget-container\">\n\t\t\t\t\t\t\t\t\t<div class=\"elementor-button-wrapper\">\n\t\t\t\t\t<a class=\"elementor-button elementor-button-link elementor-size-xs\" href=\"\/fr\/recettes\/\">\n\t\t\t\t\t\t<span class=\"elementor-button-content-wrapper\">\n\t\t\t\t\t\t\t\t\t<span class=\"elementor-button-text\">Afficher toutes les recettes<\/span>\n\t\t\t\t\t<\/span>\n\t\t\t\t\t<\/a>\n\t\t\t\t<\/div>\n\t\t\t\t\t\t\t\t<\/div>\n\t\t\t\t<\/div>\n\t\t\t\t\t<\/div>\n\t\t<\/div>\n\t\t\t\t<div class=\"elementor-column elementor-col-50 elementor-top-column elementor-element elementor-element-5ebfb5a\" data-id=\"5ebfb5a\" data-element_type=\"column\" data-e-type=\"column\" data-settings=\"{&quot;background_background&quot;:&quot;classic&quot;}\">\n\t\t\t<div class=\"elementor-widget-wrap elementor-element-populated\">\n\t\t\t\t\t\t<div class=\"elementor-element elementor-element-d3e99d5 elementor-widget elementor-widget-image\" data-id=\"d3e99d5\" data-element_type=\"widget\" data-e-type=\"widget\" data-widget_type=\"image.default\">\n\t\t\t\t<div class=\"elementor-widget-container\">\n\t\t\t\t\t\t\t\t\t\t\t\t\t\t\t<img decoding=\"async\" width=\"350\" height=\"350\" src=\"https:\/\/ofyr.ch\/wp-content\/uploads\/2022\/09\/Kookboek-02.jpg\" class=\"attachment-full size-full wp-image-3155\" alt=\"\" srcset=\"https:\/\/b2882741.smushcdn.com\/2882741\/wp-content\/uploads\/2022\/09\/Kookboek-02-150x150.jpg?lossy=1&amp;strip=1&amp;webp=1 150w, https:\/\/b2882741.smushcdn.com\/2882741\/wp-content\/uploads\/2022\/09\/Kookboek-02-300x300.jpg?lossy=1&amp;strip=1&amp;webp=1 300w, https:\/\/b2882741.smushcdn.com\/2882741\/wp-content\/uploads\/2022\/09\/Kookboek-02.jpg?lossy=1&amp;strip=1&amp;webp=1 350w\" sizes=\"(max-width: 350px) 100vw, 350px\" \/>\t\t\t\t\t\t\t\t\t\t\t\t\t\t\t<\/div>\n\t\t\t\t<\/div>\n\t\t\t\t\t<\/div>\n\t\t<\/div>\n\t\t\t\t\t<\/div>\n\t\t<\/section>\n\t\t\t\t<section class=\"elementor-section elementor-top-section elementor-element elementor-element-8f35f57 elementor-reverse-mobile elementor-section-boxed elementor-section-height-default elementor-section-height-default\" data-id=\"8f35f57\" data-element_type=\"section\" data-e-type=\"section\" data-settings=\"{&quot;background_background&quot;:&quot;classic&quot;}\">\n\t\t\t\t\t\t<div class=\"elementor-container elementor-column-gap-default\">\n\t\t\t\t\t<div class=\"elementor-column elementor-col-50 elementor-top-column elementor-element elementor-element-8e59026\" data-id=\"8e59026\" data-element_type=\"column\" data-e-type=\"column\" data-settings=\"{&quot;background_background&quot;:&quot;classic&quot;}\">\n\t\t\t<div class=\"elementor-widget-wrap elementor-element-populated\">\n\t\t\t\t\t\t<div class=\"elementor-element elementor-element-3954b07 elementor-widget elementor-widget-image\" data-id=\"3954b07\" data-element_type=\"widget\" data-e-type=\"widget\" data-widget_type=\"image.default\">\n\t\t\t\t<div class=\"elementor-widget-container\">\n\t\t\t\t\t\t\t\t\t\t\t\t\t\t\t<img decoding=\"async\" width=\"920\" height=\"920\" src=\"https:\/\/ofyr.ch\/wp-content\/uploads\/2022\/09\/sb_accessories-grill-brazillian-100-07.jpg\" class=\"attachment-full size-full wp-image-2746\" alt=\"\" srcset=\"https:\/\/b2882741.smushcdn.com\/2882741\/wp-content\/uploads\/2022\/09\/sb_accessories-grill-brazillian-100-07-150x150.jpg?lossy=1&amp;strip=1&amp;webp=1 150w, https:\/\/b2882741.smushcdn.com\/2882741\/wp-content\/uploads\/2022\/09\/sb_accessories-grill-brazillian-100-07-300x300.jpg?lossy=1&amp;strip=1&amp;webp=1 300w, https:\/\/b2882741.smushcdn.com\/2882741\/wp-content\/uploads\/2022\/09\/sb_accessories-grill-brazillian-100-07.jpg?size=480x480&amp;lossy=1&amp;strip=1&amp;webp=1 480w, https:\/\/b2882741.smushcdn.com\/2882741\/wp-content\/uploads\/2022\/09\/sb_accessories-grill-brazillian-100-07.jpg?size=640x640&amp;lossy=1&amp;strip=1&amp;webp=1 640w, https:\/\/b2882741.smushcdn.com\/2882741\/wp-content\/uploads\/2022\/09\/sb_accessories-grill-brazillian-100-07-768x768.jpg?lossy=1&amp;strip=1&amp;webp=1 768w, https:\/\/b2882741.smushcdn.com\/2882741\/wp-content\/uploads\/2022\/09\/sb_accessories-grill-brazillian-100-07.jpg?lossy=1&amp;strip=1&amp;webp=1 920w\" sizes=\"(max-width: 800px) 100vw, 800px\" \/>\t\t\t\t\t\t\t\t\t\t\t\t\t\t\t<\/div>\n\t\t\t\t<\/div>\n\t\t\t\t\t<\/div>\n\t\t<\/div>\n\t\t\t\t<div class=\"elementor-column elementor-col-50 elementor-top-column elementor-element elementor-element-4f5fb7f\" data-id=\"4f5fb7f\" data-element_type=\"column\" data-e-type=\"column\" data-settings=\"{&quot;background_background&quot;:&quot;classic&quot;}\">\n\t\t\t<div class=\"elementor-widget-wrap elementor-element-populated\">\n\t\t\t\t\t\t<div class=\"elementor-element elementor-element-5fcdf65 elementor-widget elementor-widget-heading\" data-id=\"5fcdf65\" data-element_type=\"widget\" data-e-type=\"widget\" data-widget_type=\"heading.default\">\n\t\t\t\t<div class=\"elementor-widget-container\">\n\t\t\t\t\t<h2 class=\"elementor-heading-title elementor-size-default\">News<\/h2>\t\t\t\t<\/div>\n\t\t\t\t<\/div>\n\t\t\t\t<div class=\"elementor-element elementor-element-6156dce elementor-widget elementor-widget-heading\" data-id=\"6156dce\" data-element_type=\"widget\" data-e-type=\"widget\" data-widget_type=\"heading.default\">\n\t\t\t\t<div class=\"elementor-widget-container\">\n\t\t\t\t\t<h2 class=\"elementor-heading-title elementor-size-default\">D\u00e9couvrez toutes les derni\u00e8res nouvelles d'OFYR sur cette page. Soyez le premier \u00e0 conna\u00eetre les nouveaux produits OFYR ou les mises \u00e0 jour de l'entreprise. Nous partageons aussi r\u00e9guli\u00e8rement nos conseils et astuces, afin que vous puissiez profiter pleinement de votre exp\u00e9rience de la cuisine en plein air.<\/h2>\t\t\t\t<\/div>\n\t\t\t\t<\/div>\n\t\t\t\t<div class=\"elementor-element elementor-element-568ac8d elementor-align-center elementor-widget elementor-widget-button\" data-id=\"568ac8d\" data-element_type=\"widget\" data-e-type=\"widget\" data-widget_type=\"button.default\">\n\t\t\t\t<div class=\"elementor-widget-container\">\n\t\t\t\t\t\t\t\t\t<div class=\"elementor-button-wrapper\">\n\t\t\t\t\t<a class=\"elementor-button elementor-button-link elementor-size-xs\" href=\"\/fr\/nouvelles\/\">\n\t\t\t\t\t\t<span class=\"elementor-button-content-wrapper\">\n\t\t\t\t\t\t\t\t\t<span class=\"elementor-button-text\">rester inform\u00e9<\/span>\n\t\t\t\t\t<\/span>\n\t\t\t\t\t<\/a>\n\t\t\t\t<\/div>\n\t\t\t\t\t\t\t\t<\/div>\n\t\t\t\t<\/div>\n\t\t\t\t\t<\/div>\n\t\t<\/div>\n\t\t\t\t\t<\/div>\n\t\t<\/section>\n\t\t\t\t<section class=\"elementor-section elementor-top-section elementor-element elementor-element-0a2e2e2 elementor-section-boxed elementor-section-height-default elementor-section-height-default\" data-id=\"0a2e2e2\" data-element_type=\"section\" data-e-type=\"section\" data-settings=\"{&quot;background_background&quot;:&quot;classic&quot;}\">\n\t\t\t\t\t\t<div class=\"elementor-container elementor-column-gap-default\">\n\t\t\t\t\t<div class=\"elementor-column elementor-col-50 elementor-top-column elementor-element elementor-element-7164cc6\" data-id=\"7164cc6\" data-element_type=\"column\" data-e-type=\"column\" data-settings=\"{&quot;background_background&quot;:&quot;classic&quot;}\">\n\t\t\t<div class=\"elementor-widget-wrap elementor-element-populated\">\n\t\t\t\t\t\t<div class=\"elementor-element elementor-element-e3cf513 elementor-widget elementor-widget-heading\" data-id=\"e3cf513\" data-element_type=\"widget\" data-e-type=\"widget\" data-widget_type=\"heading.default\">\n\t\t\t\t<div class=\"elementor-widget-container\">\n\t\t\t\t\t<h2 class=\"elementor-heading-title elementor-size-default\">Events<\/h2>\t\t\t\t<\/div>\n\t\t\t\t<\/div>\n\t\t\t\t<div class=\"elementor-element elementor-element-7d1631d elementor-widget elementor-widget-heading\" data-id=\"7d1631d\" data-element_type=\"widget\" data-e-type=\"widget\" data-widget_type=\"heading.default\">\n\t\t\t\t<div class=\"elementor-widget-container\">\n\t\t\t\t\t<h2 class=\"elementor-heading-title elementor-size-default\">OFYR est le compl\u00e9ment id\u00e9al de tout \u00e9v\u00e9nement, c'est pourquoi nous sommes r\u00e9guli\u00e8rement pr\u00e9sents lors de festivals, foires et autres \u00e9v\u00e9nements locaux. Sur cette page, vous trouverez toutes les informations sur les \u00e9v\u00e9nements les plus r\u00e9cents organis\u00e9s par OFYR ou nos partenaires.<\/h2>\t\t\t\t<\/div>\n\t\t\t\t<\/div>\n\t\t\t\t<div class=\"elementor-element elementor-element-6a4525e elementor-align-center elementor-widget elementor-widget-button\" data-id=\"6a4525e\" data-element_type=\"widget\" data-e-type=\"widget\" data-widget_type=\"button.default\">\n\t\t\t\t<div class=\"elementor-widget-container\">\n\t\t\t\t\t\t\t\t\t<div class=\"elementor-button-wrapper\">\n\t\t\t\t\t<a class=\"elementor-button elementor-button-link elementor-size-xs\" href=\"\/fr\/evenements\/\">\n\t\t\t\t\t\t<span class=\"elementor-button-content-wrapper\">\n\t\t\t\t\t\t\t\t\t<span class=\"elementor-button-text\">visiter un \u00e9v\u00e9nement<\/span>\n\t\t\t\t\t<\/span>\n\t\t\t\t\t<\/a>\n\t\t\t\t<\/div>\n\t\t\t\t\t\t\t\t<\/div>\n\t\t\t\t<\/div>\n\t\t\t\t\t<\/div>\n\t\t<\/div>\n\t\t\t\t<div class=\"elementor-column elementor-col-50 elementor-top-column elementor-element elementor-element-ea9175f\" data-id=\"ea9175f\" data-element_type=\"column\" data-e-type=\"column\" data-settings=\"{&quot;background_background&quot;:&quot;classic&quot;}\">\n\t\t\t<div class=\"elementor-widget-wrap elementor-element-populated\">\n\t\t\t\t\t\t<div class=\"elementor-element elementor-element-b9520e7 elementor-widget elementor-widget-image\" data-id=\"b9520e7\" data-element_type=\"widget\" data-e-type=\"widget\" data-widget_type=\"image.default\">\n\t\t\t\t<div class=\"elementor-widget-container\">\n\t\t\t\t\t\t\t\t\t\t\t\t\t\t\t<img loading=\"lazy\" decoding=\"async\" width=\"920\" height=\"920\" src=\"https:\/\/ofyr.ch\/wp-content\/uploads\/2022\/09\/sb_cooking-units-pro-trailer-150-rubberwood-corten-06.jpg\" class=\"attachment-full size-full wp-image-2557\" alt=\"\" srcset=\"https:\/\/b2882741.smushcdn.com\/2882741\/wp-content\/uploads\/2022\/09\/sb_cooking-units-pro-trailer-150-rubberwood-corten-06-150x150.jpg?lossy=1&amp;strip=1&amp;webp=1 150w, https:\/\/b2882741.smushcdn.com\/2882741\/wp-content\/uploads\/2022\/09\/sb_cooking-units-pro-trailer-150-rubberwood-corten-06-300x300.jpg?lossy=1&amp;strip=1&amp;webp=1 300w, https:\/\/b2882741.smushcdn.com\/2882741\/wp-content\/uploads\/2022\/09\/sb_cooking-units-pro-trailer-150-rubberwood-corten-06.jpg?size=480x480&amp;lossy=1&amp;strip=1&amp;webp=1 480w, https:\/\/b2882741.smushcdn.com\/2882741\/wp-content\/uploads\/2022\/09\/sb_cooking-units-pro-trailer-150-rubberwood-corten-06.jpg?size=640x640&amp;lossy=1&amp;strip=1&amp;webp=1 640w, https:\/\/b2882741.smushcdn.com\/2882741\/wp-content\/uploads\/2022\/09\/sb_cooking-units-pro-trailer-150-rubberwood-corten-06-768x768.jpg?lossy=1&amp;strip=1&amp;webp=1 768w, https:\/\/b2882741.smushcdn.com\/2882741\/wp-content\/uploads\/2022\/09\/sb_cooking-units-pro-trailer-150-rubberwood-corten-06.jpg?lossy=1&amp;strip=1&amp;webp=1 920w\" sizes=\"(max-width: 800px) 100vw, 800px\" \/>\t\t\t\t\t\t\t\t\t\t\t\t\t\t\t<\/div>\n\t\t\t\t<\/div>\n\t\t\t\t\t<\/div>\n\t\t<\/div>\n\t\t\t\t\t<\/div>\n\t\t<\/section>\n\t\t\t\t<\/div>","protected":false},"excerpt":{"rendered":"<p>Bien que nos produits soient de haute qualit\u00e9 et con\u00e7us pour (la plupart du temps) rester \u00e0 l'ext\u00e9rieur, chaque produit n\u00e9cessite une pr\u00e9paration et un entretien ad\u00e9quats. De plus, les unit\u00e9s de cuisson OFYR permettent de multiples techniques de cuisson, dont certaines auxquelles vous n'auriez peut-\u00eatre pas pens\u00e9 vous-m\u00eame. Alors, d\u00e9couvrez ici comment faire des RECETTES OFYR Une fois que vous avez votre unit\u00e9 de cuisson [...]<\/p>","protected":false},"author":1,"featured_media":3154,"parent":0,"menu_order":0,"comment_status":"closed","ping_status":"closed","template":"","meta":{"footnotes":""},"class_list":["post-3152","page","type-page","status-publish","has-post-thumbnail","hentry"],"_links":{"self":[{"href":"https:\/\/ofyr.ch\/fr\/wp-json\/wp\/v2\/pages\/3152","targetHints":{"allow":["GET"]}}],"collection":[{"href":"https:\/\/ofyr.ch\/fr\/wp-json\/wp\/v2\/pages"}],"about":[{"href":"https:\/\/ofyr.ch\/fr\/wp-json\/wp\/v2\/types\/page"}],"author":[{"embeddable":true,"href":"https:\/\/ofyr.ch\/fr\/wp-json\/wp\/v2\/users\/1"}],"replies":[{"embeddable":true,"href":"https:\/\/ofyr.ch\/fr\/wp-json\/wp\/v2\/comments?post=3152"}],"version-history":[{"count":5,"href":"https:\/\/ofyr.ch\/fr\/wp-json\/wp\/v2\/pages\/3152\/revisions"}],"predecessor-version":[{"id":3548,"href":"https:\/\/ofyr.ch\/fr\/wp-json\/wp\/v2\/pages\/3152\/revisions\/3548"}],"wp:featuredmedia":[{"embeddable":true,"href":"https:\/\/ofyr.ch\/fr\/wp-json\/wp\/v2\/media\/3154"}],"wp:attachment":[{"href":"https:\/\/ofyr.ch\/fr\/wp-json\/wp\/v2\/media?parent=3152"}],"curies":[{"name":"wp","href":"https:\/\/api.w.org\/{rel}","templated":true}]}}